{"id":183,"date":"2015-06-17T06:20:31","date_gmt":"2015-06-17T06:20:31","guid":{"rendered":"http:\/\/demo.themegrill.com\/colormag\/?page_id=183"},"modified":"2023-02-05T16:22:44","modified_gmt":"2023-02-05T19:22:44","slug":"left-sidebar","status":"publish","type":"page","link":"https:\/\/dogtagclan.com.br\/blog\/left-sidebar\/","title":{"rendered":"A Dogtagclan"},"content":{"rendered":"<blockquote><p>Dogtagclan placas de identifica\u00e7\u00e3o personalizadas<\/p><\/blockquote>\n<p>Ol\u00e1! Permita-me apresentar A Dogtagclan, um fabricante de dog tags personalizadas desde 2015. N\u00f3s gravamos dados e imagens em dog tags com correntes de bolinha, oferecendo v\u00e1rios modelos para atender a todas as necessidades e estilos. Com nosso compromisso com a qualidade e a satisfa\u00e7\u00e3o do cliente, voc\u00ea pode ter certeza de que sua dog tag personalizada ser\u00e1 feita com o m\u00e1ximo cuidado e aten\u00e7\u00e3o aos detalhes. Agradecemos a oportunidade de apresentar nossa empresa e esperamos ter a oportunidade de atender \u00e0s suas necessidades de dog tags personalizadas. Obrigado!<\/p>\n","protected":false},"excerpt":{"rendered":"<p>Dogtagclan placas de identifica\u00e7\u00e3o personalizadas Ol\u00e1! Permita-me apresentar A Dogtagclan, um fabricante de dog tags personalizadas desde 2015. N\u00f3s gravamos<\/p>\n","protected":false},"author":1,"featured_media":0,"parent":0,"menu_order":0,"comment_status":"open","ping_status":"open","template":"","meta":{"footnotes":""},"yoast_head":"<!-- This site is optimized with the Yoast SEO Premium plugin v15.5 - https:\/\/yoast.com\/wordpress\/plugins\/seo\/ -->\n<title>A Dogtagclan | DogTagClan Blog<\/title>\n<meta name=\"description\" content=\"Ol\u00e1! Permita-me apresentar o Dogtagclan, um fabricante de dog tags personalizadas desde 2015. N\u00f3s gravamos dados e imagens em dog tags\" \/>\n<meta name=\"robots\" content=\"index, follow, max-snippet:-1, max-image-preview:large, max-video-preview:-1\" \/>\n<link rel=\"canonical\" href=\"https:\/\/dogtagclan.com.br\/blog\/left-sidebar\/\" \/>\n<meta property=\"og:locale\" content=\"pt_BR\" \/>\n<meta property=\"og:type\" content=\"article\" \/>\n<meta property=\"og:title\" content=\"A Dogtagclan | DogTagClan Blog\" \/>\n<meta property=\"og:description\" content=\"Ol\u00e1! Permita-me apresentar o Dogtagclan, um fabricante de dog tags personalizadas desde 2015. N\u00f3s gravamos dados e imagens em dog tags\" \/>\n<meta property=\"og:url\" content=\"https:\/\/dogtagclan.com.br\/blog\/left-sidebar\/\" \/>\n<meta property=\"og:site_name\" content=\"DogTagClan Blog\" \/>\n<meta property=\"article:publisher\" content=\"https:\/\/www.facebook.com\/dogtagclan\" \/>\n<meta property=\"article:modified_time\" content=\"2023-02-05T19:22:44+00:00\" \/>\n<meta name=\"twitter:card\" content=\"summary_large_image\" \/>\n<meta name=\"twitter:label1\" content=\"Est. tempo de leitura\">\n\t<meta name=\"twitter:data1\" content=\"0 minuto\">\n<script type=\"application\/ld+json\" class=\"yoast-schema-graph\">{\"@context\":\"https:\/\/schema.org\",\"@graph\":[{\"@type\":\"Organization\",\"@id\":\"https:\/\/dogtagclan.com.br\/blog\/#organization\",\"name\":\"DogTagClan | Dog Tags, Crach\\u00e1s e Acess\\u00f3rios Personalizados\",\"url\":\"https:\/\/dogtagclan.com.br\/blog\/\",\"sameAs\":[\"https:\/\/www.facebook.com\/dogtagclan\"],\"logo\":{\"@type\":\"ImageObject\",\"@id\":\"https:\/\/dogtagclan.com.br\/blog\/#logo\",\"inLanguage\":\"pt-BR\",\"url\":\"https:\/\/dogtagclan.com.br\/blog\/wp-content\/uploads\/2023\/02\/cropped-doftagclan-logo.png\",\"width\":250,\"height\":140,\"caption\":\"DogTagClan | Dog Tags, Crach\\u00e1s e Acess\\u00f3rios Personalizados\"},\"image\":{\"@id\":\"https:\/\/dogtagclan.com.br\/blog\/#logo\"}},{\"@type\":\"WebSite\",\"@id\":\"https:\/\/dogtagclan.com.br\/blog\/#website\",\"url\":\"https:\/\/dogtagclan.com.br\/blog\/\",\"name\":\"DogTagClan Blog\",\"description\":\"A gente faz, do seu Jeito\",\"publisher\":{\"@id\":\"https:\/\/dogtagclan.com.br\/blog\/#organization\"},\"potentialAction\":[{\"@type\":\"SearchAction\",\"target\":\"https:\/\/dogtagclan.com.br\/blog\/?s={search_term_string}\",\"query-input\":\"required name=search_term_string\"}],\"inLanguage\":\"pt-BR\"},{\"@type\":\"WebPage\",\"@id\":\"https:\/\/dogtagclan.com.br\/blog\/left-sidebar\/#webpage\",\"url\":\"https:\/\/dogtagclan.com.br\/blog\/left-sidebar\/\",\"name\":\"A Dogtagclan | DogTagClan Blog\",\"isPartOf\":{\"@id\":\"https:\/\/dogtagclan.com.br\/blog\/#website\"},\"datePublished\":\"2015-06-17T06:20:31+00:00\",\"dateModified\":\"2023-02-05T19:22:44+00:00\",\"description\":\"Ol\\u00e1! Permita-me apresentar o Dogtagclan, um fabricante de dog tags personalizadas desde 2015. N\\u00f3s gravamos dados e imagens em dog tags\",\"inLanguage\":\"pt-BR\",\"potentialAction\":[{\"@type\":\"ReadAction\",\"target\":[\"https:\/\/dogtagclan.com.br\/blog\/left-sidebar\/\"]}]}]}<\/script>\n<!-- \/ Yoast SEO Premium plugin. -->","_links":{"self":[{"href":"https:\/\/dogtagclan.com.br\/blog\/wp-json\/wp\/v2\/pages\/183"}],"collection":[{"href":"https:\/\/dogtagclan.com.br\/blog\/wp-json\/wp\/v2\/pages"}],"about":[{"href":"https:\/\/dogtagclan.com.br\/blog\/wp-json\/wp\/v2\/types\/page"}],"author":[{"embeddable":true,"href":"https:\/\/dogtagclan.com.br\/blog\/wp-json\/wp\/v2\/users\/1"}],"replies":[{"embeddable":true,"href":"https:\/\/dogtagclan.com.br\/blog\/wp-json\/wp\/v2\/comments?post=183"}],"version-history":[{"count":0,"href":"https:\/\/dogtagclan.com.br\/blog\/wp-json\/wp\/v2\/pages\/183\/revisions"}],"wp:attachment":[{"href":"https:\/\/dogtagclan.com.br\/blog\/wp-json\/wp\/v2\/media?parent=183"}],"curies":[{"name":"wp","href":"https:\/\/api.w.org\/{rel}","templated":true}]}}